{"id":3,"date":"2024-08-21T06:09:28","date_gmt":"2024-08-21T06:09:28","guid":{"rendered":"https:\/\/beste-shops.ch\/?page_id=3"},"modified":"2024-09-30T11:45:39","modified_gmt":"2024-09-30T09:45:39","slug":"datenschutzerklaerung","status":"publish","type":"page","link":"https:\/\/beste-shops.ch\/en\/datenschutzerklaerung\/","title":{"rendered":"Datenschutzerkl\u00e4rung"},"content":{"rendered":"<div class=\"gb-container gb-container-0d41eec9\">\n\n<p>Version vom 30.09.2024<\/p>\n\n\n\n<p>Betreiber von https:\/\/www.beste-shops.ch ist Max Werthm\u00fcller, Untere Burghalde 15, 8225 Siblingen, Schweiz.<\/p>\n\n\n\n<p>In dieser Datenschutzerkl\u00e4rung erl\u00e4utern wir, die Betreiber von beste-shops.ch (nachfolgend beste-shops, <strong>wir<\/strong> or <strong>uns<\/strong>), wie wir Personendaten erheben und sonst bearbeiten. Das ist keine abschliessende Beschreibung; allenfalls regeln andere Datenschutzerkl\u00e4rungen oder allgemeine Gesch\u00e4ftsbedingungen, Teilnahmebedingungen und \u00e4hnliche Dokumente spezifische Sachverhalte. Unter Personendaten werden alle Angaben verstanden, die sich auf eine bestimmte oder bestimmbare Person beziehen.<\/p>\n\n\n\n<p>Wenn Sie uns Personendaten anderer Personen (z.B. Familienmitglieder, Daten von Arbeitskollegen) zur Verf\u00fcgung stellen, stellen Sie bitte sicher, dass diese Personen die vorliegende Datenschutzerkl\u00e4rung kennen und teilen Sie uns deren Personendaten nur mit, wenn Sie dies d\u00fcrfen und wenn diese Personendaten korrekt sind.<\/p>\n\n\n\n<p>Diese Datenschutzerkl\u00e4rung ist auf die Anforderungen der EU-Datenschutz-Grundverordnung (\u00ab<strong>DSGVO<\/strong>\u00bb), das Schweizer Datenschutzgesetz (\u00ab<strong>DSG<\/strong>\u00bb) und das revidierte Schweizer Datenschutzgesetz (\u00ab<strong>revDSG<\/strong>\u00bb) ausgelegt. Ob und inwieweit diese Gesetze anwendbar sind, h\u00e4ngt jedoch vom Einzelfall ab.<\/p>\n\n\n\n<h2 class=\"wp-block-heading\">1. Erhebung und Bearbeitung von Personendaten<\/h2>\n\n\n\n<p>Wir bearbeiten in erster Linie die Personendaten, die wir im Rahmen unserer Gesch\u00e4ftsbeziehung mit unseren Kunden und anderen Gesch\u00e4ftspartnern von diesen und weiteren daran beteiligten Personen erhalten oder die wir beim Betrieb unserer Websites, Apps und weiteren Anwendungen von deren Nutzern erheben.<\/p>\n\n\n\n<p>Soweit dies erlaubt ist, entnehmen wir auch \u00f6ffentlich zug\u00e4nglichen Quellen (z.B. Betreibungsregister, Grundb\u00fccher, Handelsregister, Presse, Internet) gewisse Daten, von Beh\u00f6rden und sonstigen Dritten (wie z.B. Kreditauskunfteien). Nebst den Daten von Ihnen, die Sie uns direkt geben, umfassen die Kategorien von Personendaten, die wir von Dritten \u00fcber Sie erhalten, insbesondere Angaben aus \u00f6ffentlichen Registern, Angaben, die wir im Zusammenhang mit beh\u00f6rdlichen und gerichtlichen Verfahren erfahren, Angaben im Zusammenhang mit ihren beruflichen Funktionen und Aktivit\u00e4ten (damit wir z.B. mit Ihrer Hilfe Gesch\u00e4fte mit Ihrem Arbeitgeber abschliessen und abwickeln k\u00f6nnen), Angaben \u00fcber Sie in Korrespondenz und Besprechungen mit Dritten, Bonit\u00e4tsausk\u00fcnfte (soweit wir mit Ihnen pers\u00f6nlich Gesch\u00e4fte abwickeln), Angaben \u00fcber Sie, die uns Personen aus Ihrem Umfeld (Familie, Berater, Rechtsvertreter, etc.) geben, damit wir Vertr\u00e4ge mit Ihnen oder unter Einbezug von Ihnen abschliessen oder abwickeln k\u00f6nnen (z.B. Referenzen, Ihre Adresse f\u00fcr Lieferungen, Vollmachten, Angaben zur Einhaltung gesetzlicher Vorgaben wie etwa der Geldw\u00e4schereibek\u00e4mpfung und Exportrestriktionen, Angaben von Banken, Versicherungen, Vertriebs- und anderen Vertragspartnern von uns zur Inanspruchnahme oder Erbringung von Leistungen durch Sie (z.B. erfolgte Zahlungen, erfolgte K\u00e4ufe)), Angaben aus Medien und Internet zu Ihrer Person (soweit dies im konkreten Fall angezeigt ist, z.B. im Rahmen einer Bewerbung, Presseschau, Marketing\/Verkauf, etc.), Ihre Adressen und ggf. Interessen und weitere soziodemographische Daten (f\u00fcr Marketing), Daten im Zusammenhang mit der Benutzung der Website (z.B. IP-Adresse, MAC-Adresse des Smartphones oder Computers, Angaben zu Ihrem Ger\u00e4t und Einstellungen, Cookies, Datum und Zeit des Besuchs, abgerufene Seiten und Inhalte, benutzte Funktionen, verweisende Website, Standortangaben).<\/p>\n\n\n\n<h2 class=\"wp-block-heading\">2. Zwecke der Datenbearbeitung und Rechtsgrundlagen<\/h2>\n\n\n\n<p>Wir verwenden die von uns erhobenen Personendaten in erster Linie, um unsere Vertr\u00e4ge mit unseren Kunden und Gesch\u00e4ftspartnern abzuschliessen und abzuwickeln, so insbesondere im Rahmen der Webseite beste-shops.ch mit unseren Kunden und den Einkauf von Produkten und Dienstleistungen von unseren Lieferanten und Subunternehmern, sowie um unseren gesetzlichen Pflichten im In- und Ausland nachzukommen. Wenn Sie f\u00fcr einen solchen Kunden oder Gesch\u00e4ftspartner t\u00e4tig sind, k\u00f6nnen Sie in dieser Funktion mit Ihren Personendaten nat\u00fcrlich ebenfalls davon betroffen sein.<\/p>\n\n\n\n<p>Dar\u00fcber hinaus bearbeiten wir Personendaten von Ihnen und weiteren Personen, soweit erlaubt und es uns als angezeigt erscheint, auch f\u00fcr folgende Zwecke, an denen wir (und zuweilen auch Dritte) ein dem Zweck entsprechendes berechtigtes Interesse haben:<\/p>\n\n\n\n<ul class=\"wp-block-list\">\n<li>Angebot und Weiterentwicklung unserer Angebote, Dienstleistungen und Websites, Apps und weiteren Plattformen, auf welchen wir pr\u00e4sent sind;<\/li>\n\n\n\n<li>Kommunikation mit Dritten und Bearbeitung derer Anfragen (z.B. Bewerbungen, Medienanfragen);<\/li>\n\n\n\n<li>Pr\u00fcfung und Optimierung von Verfahren zur Bedarfsanalyse zwecks direkter Kundenansprache sowie Erhebung von Personendaten aus \u00f6ffentlich zug\u00e4nglichen Quellen zwecks Kundenakquisition;<\/li>\n\n\n\n<li>Werbung und Marketing (einschliesslich Durchf\u00fchrung von Anl\u00e4ssen), soweit Sie der Nutzung Ihrer Daten nicht widersprochen haben (wenn wir Ihnen als bestehender Kunde von uns Werbung zukommen lassen, k\u00f6nnen Sie dem jederzeit widersprechen, wir setzen Sie dann auf eine Sperrliste gegen weitere Werbesendungen);<\/li>\n\n\n\n<li>Markt- und Meinungsforschung, Medienbeobachtung;<\/li>\n\n\n\n<li>Geltendmachung rechtlicher Anspr\u00fcche und Verteidigung in Zusammenhang mit rechtlichen Streitigkeiten und beh\u00f6rdlichen Verfahren;<\/li>\n\n\n\n<li>Verhinderung und Aufkl\u00e4rung von Straftaten und sonstigem Fehlverhalten (z.B. Durchf\u00fchrung interner Untersuchungen, Datenanalysen zur Betrugsbek\u00e4mpfung);<\/li>\n\n\n\n<li>Gew\u00e4hrleistungen unseres Betriebs, insbesondere der IT, unserer Websites, Apps und weiteren Plattformen;<\/li>\n<\/ul>\n\n\n\n<p>Soweit Sie uns eine Einwilligung zur Bearbeitung Ihrer Personaldaten f\u00fcr bestimmte Zwecke erteilt haben (zum Beispiel bei Ihrer Anmeldung zum Erhalt von Newslettern oder Durchf\u00fchrung eines Background-Checks), bearbeiten wir Ihre Personendaten im Rahmen und gest\u00fctzt auf diese Einwilligung, soweit wir keine andere Rechtsgrundlage haben und wir eine solche ben\u00f6tigen. Eine erteilte Einwilligung kann jederzeit widerrufen werden, was jedoch keine Auswirkung auf bereits erfolgte Datenbearbeitungen hat.<\/p>\n\n\n\n<h2 class=\"wp-block-heading\">3. Cookies \/ Tracking und andere Technologien im Zusammenhang mit der Nutzung unserer Website<\/h2>\n\n\n\n<p>Wir setzen auf unseren Websites [und Apps] typischerweise &#8222;Cookies&#8220; und vergleichbare Techniken ein, mit denen Ihr Browser oder Ihr Ger\u00e4t identifiziert werden kann. Ein Cookie ist eine kleine Datei, die an Ihren Computer gesendet bzw. vom verwendeten Webbrowser automatisch auf Ihrem Computer oder mobilen Ger\u00e4t gespeichert wird, wenn Sie unsere Website besuchen [oder App installieren]. Wenn Sie diese Website erneut aufrufen [oder unsere App benutzen], k\u00f6nnen wir Sie so wiedererkennen, selbst wenn wir nicht wissen, wer Sie sind. Neben Cookies, die lediglich w\u00e4hrend einer Sitzung benutzt und nach Ihrem Website-Besuch gel\u00f6scht werden (&#8222;Session Cookies&#8220;), k\u00f6nnen Cookies auch benutzt werden, um Nutzereinstellungen und andere Informationen \u00fcber eine bestimmte Zeit (z.B. zwei Jahre) zu speichern (&#8222;permanente Cookies&#8220;). Sie k\u00f6nnen Ihren Browser jedoch so einstellen, dass er Cookies zur\u00fcckweist, nur f\u00fcr eine Sitzung speichert oder sonst vorzeitig l\u00f6scht. Die meisten Browser sind so voreingestellt, dass Sie Cookies akzeptieren. Wir nutzen permanente Cookies damit Sie Benutzereinstellungen speichern (z.B. Sprache, Autologin), damit wir besser verstehen, wie Sie unsere Angebote und Inhalte nutzen, und damit wir Ihnen auf Sie zugeschnittene Angebote und Werbung anzeigen k\u00f6nnen (was auch auf Websites von anderen Firmen geschehen kann; diese erfahren dann allerdings von uns nicht, wer Sie sind, falls wir selbst das \u00fcberhaupt wissen, denn sie sehen nur, dass auf ihrer Website derselbe Nutzer ist, der auch bei uns auf einer bestimmten Seite war). Gewisse der Cookies werden von uns gesetzt, gewisse auch von Vertragspartnern, mit denen wir zusammenarbeiten. Wenn Sie Cookies sperren, kann es sein, dass gewisse Funktionalit\u00e4ten (wie z.B. Sprachwahl, Warenkorb, Bestellprozesse) nicht mehr funktionieren.<\/p>\n\n\n\n<p>Wir bauen in unseren Newslettern und sonstigen Marketing-E-Mails teilweise und soweit erlaubt auch sicht- und unsichtbare Bildelemente ein, durch deren Abruf von unseren Servern wir feststellen k\u00f6nnen, ob und wann Sie die E-Mail ge\u00f6ffnet haben, damit wir auch hier messen und besser verstehen k\u00f6nnen, wie Sie unsere Angebote nutzen und sie auf Sie zuschneiden k\u00f6nnen. Sie k\u00f6nnen dies in Ihrem E-Mail-Programm blockieren; die meisten sind so voreingestellt, dass Sie dies tun.<\/p>\n\n\n\n<p>Mit der Nutzung unserer Websites und der Einwilligung in den Erhalt von Newslettern und anderen Marketing-E-Mails stimmen Sie dem Einsatz dieser Techniken zu. Wollen Sie dies nicht, dann m\u00fcssen Sie Ihren Browser bzw. Ihre E-Mail-Programm entsprechend einstellen.<\/p>\n\n\n\n<p>Wir setzen auf unseren Websites mitunter Google Analytics oder vergleichbare Dienste ein. Dies ist eine Dienstleistung von Dritten, die sich in irgendeinem Land der Erde befinden k\u00f6nnen (im Falle von Google Analytics ist es Google Irland (mit Sitz in Irland), Google Irland st\u00fctzt sich dabei auf Google LLC (mit Sitz in den USA) als Auftragsbearbeiter (beide \u00ab<strong>Google<\/strong>\u00bb), www.google.com), mit welcher wir die Nutzung der Website (nicht personenbezogen) messen und auswerten k\u00f6nnen. Hierzu werden ebenfalls permanente Cookies benutzt, die der Dienstleister setzt. Wir haben den Dienst so konfiguriert, dass die IP-Adressen der Besucher von Google in Europa vor einer Weiterleitung in die USA gek\u00fcrzt werden und dadurch nicht zur\u00fcckverfolgt werden k\u00f6nnen. Wir haben die Einstellungen \u00abDatenweitergabe\u00bb und \u00abSignals\u00bb ausgeschaltet. Obwohl wir annehmen k\u00f6nnen, dass die Informationen, welche wir mit Google teilen, f\u00fcr Google keine Personendaten sind, ist es m\u00f6glich, dass Google von diesen Daten f\u00fcr eigene Zwecke R\u00fcckschl\u00fcsse auf die Identit\u00e4t der Besucher ziehen, personenbezogene Profile erstellen und diese Daten mit den Google-Konten dieser Personen verkn\u00fcpfen kann. Soweit Sie sich beim Dienstleister selbst registriert haben, kennt der Dienstleister Sie auch. Die Bearbeitung Ihrer Personendaten durch den Dienstleister erfolgt dann in Verantwortung des Dienstleisters nach dessen Datenschutzbestimmungen. Uns teilt der Dienstleister lediglich mit, wie unsere jeweilige Website genutzt wird (keine Angaben \u00fcber Sie pers\u00f6nlich).<\/p>\n\n\n\n<p>Wir setzen auf unseren Websites ferner sog. Plug-Ins von sozialen Netzwerken wie Facebook, Twitter, Youtube, , Pinterest oder Instagram. Das ist f\u00fcr Sie jeweils ersichtlich (typischerweise \u00fcber entsprechende Symbole). Wir haben diese Elemente so konfiguriert, dass sie standardm\u00e4ssig deaktiviert sind. Aktivieren Sie sie (durch Anklicken), k\u00f6nnen die Betreiber der jeweiligen sozialen Netzwerke registrieren, dass Sie auf unserer Website sind und wo und k\u00f6nnen diese Informationen f\u00fcr ihre Zwecke nutzen. Die Bearbeitung Ihrer Personendaten erfolgt dann in Verantwortung dieses Betreibers nach dessen Datenschutzbestimmungen. Wir erhalten von ihm keine Angaben zu Ihnen.<\/p>\n\n\n\n<h2 class=\"wp-block-heading\">4. Dauer der Aufbewahrung von Personendaten<\/h2>\n\n\n\n<p>Wir verarbeiten und speichern Ihre Personendaten, solange es f\u00fcr die Erf\u00fcllung unserer vertraglichen und gesetzlichen Pflichten oder sonst die mit der Bearbeitung verfolgten Zwecke erforderlich ist, d.h. also zum Beispiel f\u00fcr die Dauer der gesamten Gesch\u00e4ftsbeziehung (von der Anbahnung, Abwicklung bis zur Beendigung eines Vertrags) sowie dar\u00fcber hinaus gem\u00e4ss den gesetzlichen Aufbewahrungs- und Dokumentationspflichten. Dabei ist es m\u00f6glich, dass Personendaten f\u00fcr die Zeit aufbewahrt werden, in der Anspr\u00fcche gegen unser Unternehmen geltend gemacht werden k\u00f6nnen und soweit wir anderweitig gesetzlich dazu verpflichtet sind oder berechtigte Gesch\u00e4ftsinteressen dies erfordern (z.B. f\u00fcr Beweis- und Dokumentationszwecke). Sobald Ihre Personendaten f\u00fcr die oben genannten Zwecke nicht mehr erforderlich sind, werden sie grunds\u00e4tzlich und soweit m\u00f6glich gel\u00f6scht oder anonymisiert. F\u00fcr betriebliche Daten (z.B. Systemprotokolle, Logs), gelten grunds\u00e4tzliche k\u00fcrzere Aufbewahrungsfristen von zw\u00f6lf Monaten oder weniger.<\/p>\n\n\n\n<h2 class=\"wp-block-heading\">5. Datensicherheit<\/h2>\n\n\n\n<p>Wir treffen angemessene technische und organisatorische Sicherheitsvorkehrungen zum Schutz Ihrer Personendaten vor unberechtigtem Zugriff und Missbrauch wie etwa der Erlass von Weisungen, Schulungen, IT- und Netzwerksicherheitsl\u00f6sungen, Zugangskontrollen und \u2013beschr\u00e4nkungen, Verschl\u00fcsselung von Datentr\u00e4gern und \u00dcbermittlungen, Pseudonymisierung, Kontrollen.<\/p>\n\n\n\n<h2 class=\"wp-block-heading\">6. Pflicht zur Bereitstellung von Personendaten<\/h2>\n\n\n\n<p>Im Rahmen unserer Gesch\u00e4ftsbeziehung m\u00fcssen Sie diejenigen Personendaten bereitstellen, die f\u00fcr die Aufnahme und Durchf\u00fchrung einer Gesch\u00e4ftsbeziehung und der Erf\u00fcllung der damit verbundenen vertraglichen Pflichten erforderlich sind (eine gesetzliche Pflicht, uns Daten bereitzustellen, haben Sie in der Regel nicht). Ohne diese Daten werden wir in der Regel nicht in der Lage sein, einen Vertrag mit Ihnen (oder der Stelle oder Person, die Sie vertreten) zu schliessen oder diesen abzuwickeln. Auch die Website kann nicht genutzt werden, wenn gewisse Angaben zur Sicherstellung des Datenverkehrs (wie z.B. IP-Adresse) nicht offengelegt wird.<\/p>\n\n\n\n<h2 class=\"wp-block-heading\">7. Rechte der betroffenen Person<\/h2>\n\n\n\n<p>Sie haben im Rahmen des auf Sie anwendbaren Datenschutzrechts und soweit darin vorgesehen (wie etwa im Falle der DSGVO) das Recht auf Auskunft, Berichtigung, L\u00f6schung, das Recht auf Einschr\u00e4nkung der Datenbearbeitung und sonst dem <strong>Widerspruch gegen unsere Datenbearbeitungen, insbesondere jener f\u00fcr Zwecke des Direktmarketings, des f\u00fcr Direktwerbung betriebenen Profilings und weiterer berechtigter Interessen an der Bearbeitung<\/strong> sowie auf Herausgabe gewisser Personendaten zwecks \u00dcbertragung an eine andere Stelle (sog. Datenportabilit\u00e4t). Bitte beachten Sie aber, dass wir uns vorbehalten, unsererseits die gesetzlich vorgesehenen Einschr\u00e4nkungen geltend zu machen, etwa wenn wir zur Aufbewahrung oder Bearbeitung gewisser Daten verpflichtet sind, daran ein \u00fcberwiegendes Interesse haben (soweit wir uns darauf berufen d\u00fcrfen) oder sie f\u00fcr die Geltendmachung von Anspr\u00fcchen ben\u00f6tigen. Falls f\u00fcr Sie Kosten anfallen, werden wir Sie vorab informieren. \u00dcber die M\u00f6glichkeit, Ihre Einwilligung zu widerrufen, haben wir bereits in Ziff. 2 informiert. Beachten Sie, dass die Aus\u00fcbung dieser Rechte im Konflikt zu vertraglichen Abmachungen stehen kann und dies Folgen wie z.B. die vorzeitige Vertragsaufl\u00f6sung oder Kostenfolgen haben kann. Wir werden Sie diesfalls vorg\u00e4ngig informieren, wo dies nicht bereits vertraglich geregelt ist.<\/p>\n\n\n\n<p>Die Aus\u00fcbung solcher Rechte setzt in der Regel voraus, dass Sie Ihre Identit\u00e4t eindeutig nachweisen (z.B. durch eine Ausweiskopie, wo Ihre Identit\u00e4t sonst nicht klar ist bzw. verifiziert werden kann). Zur Geltendmachung Ihrer Rechte k\u00f6nnen Sie uns unter der in der Einleitung angegebenen Adresse kontaktieren.<\/p>\n\n\n\n<p>Jede betroffene Person hat \u00fcberdies das Recht, ihre Anspr\u00fcche gerichtlich durchzusetzen oder bei der zust\u00e4ndigen Datenschutzbeh\u00f6rde eine Beschwerde einzureichen. \u00a0Die zust\u00e4ndige Datenschutzbeh\u00f6rde der Schweiz ist der Eidgen\u00f6ssische Datenschutz- und \u00d6ffentlichkeitsbeauftragte (<a href=\"https:\/\/www.edoeb.admin.ch\" target=\"_blank\" rel=\"noopener\">https:\/\/www.edoeb.admin.ch<\/a>).<\/p>\n\n\n\n<h2 class=\"wp-block-heading\">8. \u00c4nderungen<\/h2>\n\n\n\n<p>Wir k\u00f6nnen diese Datenschutzerkl\u00e4rung jederzeit ohne Vorank\u00fcndigung anpassen. Es gilt die jeweils aktuelle, auf unserer Website publizierte Fassung. Soweit die Datenschutzerkl\u00e4rung Teil einer Vereinbarung mit Ihnen ist, werden wir Sie im Falle einer Aktualisierung \u00fcber die \u00c4nderung per E-Mail oder auf andere geeignete Weise informieren.<\/p>\n\n<\/div>","protected":false},"excerpt":{"rendered":"<p>Wer wir sind beste-shops.ch wird betrieben von Max Werthm\u00fcller, Untere Burghalde 15, 8225 Siblingen Die Adresse der Website ist: https:\/\/beste-shops.ch. Kommentare Wenn Besucher Kommentare auf der Website schreiben, sammeln wir die Daten, die im Kommentar-Formular angezeigt werden, au\u00dferdem die IP-Adresse des Besuchers und den User-Agent-String (damit wird der Browser identifiziert), um die Erkennung von Spam &#8230; <a title=\"Datenschutzerkl\u00e4rung\" class=\"read-more\" href=\"https:\/\/beste-shops.ch\/en\/datenschutzerklaerung\/\" aria-label=\"Read more about Datenschutzerkl\u00e4rung\">Read more<\/a><\/p>","protected":false},"author":1,"featured_media":0,"parent":0,"menu_order":0,"comment_status":"closed","ping_status":"closed","template":"","meta":{"footnotes":""},"class_list":["post-3","page","type-page","status-publish"],"_links":{"self":[{"href":"https:\/\/beste-shops.ch\/en\/wp-json\/wp\/v2\/pages\/3","targetHints":{"allow":["GET"]}}],"collection":[{"href":"https:\/\/beste-shops.ch\/en\/wp-json\/wp\/v2\/pages"}],"about":[{"href":"https:\/\/beste-shops.ch\/en\/wp-json\/wp\/v2\/types\/page"}],"author":[{"embeddable":true,"href":"https:\/\/beste-shops.ch\/en\/wp-json\/wp\/v2\/users\/1"}],"replies":[{"embeddable":true,"href":"https:\/\/beste-shops.ch\/en\/wp-json\/wp\/v2\/comments?post=3"}],"version-history":[{"count":11,"href":"https:\/\/beste-shops.ch\/en\/wp-json\/wp\/v2\/pages\/3\/revisions"}],"predecessor-version":[{"id":2547,"href":"https:\/\/beste-shops.ch\/en\/wp-json\/wp\/v2\/pages\/3\/revisions\/2547"}],"wp:attachment":[{"href":"https:\/\/beste-shops.ch\/en\/wp-json\/wp\/v2\/media?parent=3"}],"curies":[{"name":"wp","href":"https:\/\/api.w.org\/{rel}","templated":true}]}}