{"id":4523,"date":"2024-12-09T16:33:00","date_gmt":"2024-12-09T15:33:00","guid":{"rendered":"https:\/\/beste-shops.ch\/shops\/hammer\/"},"modified":"2025-11-02T00:17:37","modified_gmt":"2025-11-01T23:17:37","slug":"hammer","status":"publish","type":"product","link":"https:\/\/beste-shops.ch\/en\/shops\/hammer\/","title":{"rendered":"Hammer"},"content":{"rendered":"","protected":false},"excerpt":{"rendered":"<div>\n<p>Hammer ist einer der f\u00fchrenden, internationalen Fitnessger\u00e4te-Hersteller, mit \u00fcber 600 Produkten f\u00fcr&#8217;s eigene Home Gym<\/p>\n<hr class=\"beste-shortdesc\">\n<div class=\"beste-text-left\">\n<ul class=\"beste-checkmark\">\n<li>Free shipping packages from 250.-<\/li>\n<li>Free shipping large appliances from 700.-<\/li>\n<li>Delivery in approx. 7 days<\/li>\n<li>Credit card, PayPal, +2 more<\/li>\n<li>14 days right of return<\/li>\n<\/ul>\n<ul class=\"beste-cross\">\n<li>Shipping from Germany<\/li>\n<li>No customs duties<\/li>\n<li>Free return shipment<\/li>\n<\/ul>\n<\/div>\n<\/div>\n<div class=\"gb-container beste-zum-shop-container\"><a href=\"https:\/\/adtr.co\/z33fz3\" class=\"gb-button gb-button-text beste-zum-shop-button\">\u279c To the store<\/a><\/p>\n<p style=\"display: none;\" class=\"beste-affprog beste-no-margin\">Adtraction<\/p>\n<\/div>","protected":false},"featured_media":4524,"comment_status":"open","ping_status":"closed","template":"","meta":[],"product_brand":[],"product_cat":[15,398,383],"product_tag":[],"class_list":{"0":"post-4523","1":"product","2":"type-product","3":"status-publish","4":"has-post-thumbnail","6":"product_cat-alle","7":"product_cat-sport-und-freizeit","8":"product_cat-sportartikel","9":"sales-flash-overlay","10":"woocommerce-text-align-center","11":"woocommerce-image-align-center","13":"first","14":"instock","15":"shipping-taxable","16":"product-type-simple"},"_links":{"self":[{"href":"https:\/\/beste-shops.ch\/en\/wp-json\/wp\/v2\/product\/4523","targetHints":{"allow":["GET"]}}],"collection":[{"href":"https:\/\/beste-shops.ch\/en\/wp-json\/wp\/v2\/product"}],"about":[{"href":"https:\/\/beste-shops.ch\/en\/wp-json\/wp\/v2\/types\/product"}],"replies":[{"embeddable":true,"href":"https:\/\/beste-shops.ch\/en\/wp-json\/wp\/v2\/comments?post=4523"}],"wp:featuredmedia":[{"embeddable":true,"href":"https:\/\/beste-shops.ch\/en\/wp-json\/wp\/v2\/media\/4524"}],"wp:attachment":[{"href":"https:\/\/beste-shops.ch\/en\/wp-json\/wp\/v2\/media?parent=4523"}],"wp:term":[{"taxonomy":"product_brand","embeddable":true,"href":"https:\/\/beste-shops.ch\/en\/wp-json\/wp\/v2\/product_brand?post=4523"},{"taxonomy":"product_cat","embeddable":true,"href":"https:\/\/beste-shops.ch\/en\/wp-json\/wp\/v2\/product_cat?post=4523"},{"taxonomy":"product_tag","embeddable":true,"href":"https:\/\/beste-shops.ch\/en\/wp-json\/wp\/v2\/product_tag?post=4523"}],"curies":[{"name":"wp","href":"https:\/\/api.w.org\/{rel}","templated":true}]}}