{"id":4623,"date":"2025-07-16T06:40:00","date_gmt":"2025-07-16T04:40:00","guid":{"rendered":"https:\/\/beste-shops.ch\/shops\/conforama\/"},"modified":"2025-07-16T07:06:03","modified_gmt":"2025-07-16T05:06:03","slug":"conforama","status":"publish","type":"product","link":"https:\/\/beste-shops.ch\/en\/shops\/conforama\/","title":{"rendered":"Conforama"},"content":{"rendered":"","protected":false},"excerpt":{"rendered":"<div>\n<p>Grosser Schweizer Shop f\u00fcr M\u00f6bel, Elektronik und Dekoration zu g\u00fcnstigen Preisen<\/p>\n<hr class=\"beste-shortdesc\" \/>\n<div class=\"beste-text-left\">\n<ul class=\"beste-checkmark\">\n<li>Gratis Versand ab 79.-<\/li>\n<li>Lieferung in ca. 5 Tagen<\/li>\n<li>Invoice, TWINT +8 more<\/li>\n<\/ul>\n<ul class=\"beste-cross\">\n<li>M\u00f6bel: Untersch. Versandkosten<\/li>\n<li>8 days right of return<\/li>\n<\/ul>\n<\/div>\n<\/div>\n<div class=\"gb-container beste-zum-shop-container\">\n<p><a class=\"gb-button gb-button-text beste-zum-shop-button\" href=\"https:\/\/adtr.co\/752znu\">\u279c To the store<\/a><\/p>\n<p class=\"beste-affprog beste-no-margin\" style=\"display: none;\">Adtraction<\/p>\n<\/div>","protected":false},"featured_media":4624,"comment_status":"open","ping_status":"closed","template":"","meta":[],"product_brand":[],"product_cat":[15,381,395,394,378,379,377,396,374,376,380,375],"product_tag":[],"class_list":{"0":"post-4623","1":"product","2":"type-product","3":"status-publish","4":"has-post-thumbnail","6":"product_cat-alle","7":"product_cat-babyartikel","8":"product_cat-computer-und-multimedia","9":"product_cat-einrichten-und-wohnen","10":"product_cat-elektronik","11":"product_cat-elektronikzubehoer","12":"product_cat-haushaltsgeraete","13":"product_cat-kinder-und-baby","14":"product_cat-moebel","15":"product_cat-schlafen","16":"product_cat-spielwaren","17":"product_cat-wohnen","18":"sales-flash-overlay","19":"woocommerce-text-align-center","20":"woocommerce-image-align-center","22":"first","23":"instock","24":"shipping-taxable","25":"product-type-simple"},"_links":{"self":[{"href":"https:\/\/beste-shops.ch\/en\/wp-json\/wp\/v2\/product\/4623","targetHints":{"allow":["GET"]}}],"collection":[{"href":"https:\/\/beste-shops.ch\/en\/wp-json\/wp\/v2\/product"}],"about":[{"href":"https:\/\/beste-shops.ch\/en\/wp-json\/wp\/v2\/types\/product"}],"replies":[{"embeddable":true,"href":"https:\/\/beste-shops.ch\/en\/wp-json\/wp\/v2\/comments?post=4623"}],"wp:featuredmedia":[{"embeddable":true,"href":"https:\/\/beste-shops.ch\/en\/wp-json\/wp\/v2\/media\/4624"}],"wp:attachment":[{"href":"https:\/\/beste-shops.ch\/en\/wp-json\/wp\/v2\/media?parent=4623"}],"wp:term":[{"taxonomy":"product_brand","embeddable":true,"href":"https:\/\/beste-shops.ch\/en\/wp-json\/wp\/v2\/product_brand?post=4623"},{"taxonomy":"product_cat","embeddable":true,"href":"https:\/\/beste-shops.ch\/en\/wp-json\/wp\/v2\/product_cat?post=4623"},{"taxonomy":"product_tag","embeddable":true,"href":"https:\/\/beste-shops.ch\/en\/wp-json\/wp\/v2\/product_tag?post=4623"}],"curies":[{"name":"wp","href":"https:\/\/api.w.org\/{rel}","templated":true}]}}